{"id":376,"date":"2025-11-03T10:17:51","date_gmt":"2025-11-03T09:17:51","guid":{"rendered":"https:\/\/jazzmusicorchestra.be\/jmo2\/?page_id=376"},"modified":"2026-01-28T08:06:41","modified_gmt":"2026-01-28T07:06:41","slug":"friendship-tour","status":"publish","type":"page","link":"https:\/\/jazzmusicorchestra.be\/jmo2\/friendship-tour\/","title":{"rendered":"Friendship Tour"},"content":{"rendered":"\n<h2 class=\"wp-block-heading\">Nos harmonies, nos racines<\/h2>\n\n\n\n<figure class=\"wp-block-image size-full\"><img loading=\"lazy\" decoding=\"async\" width=\"2560\" height=\"953\" data-attachment-id=\"448\" data-permalink=\"https:\/\/jazzmusicorchestra.be\/jmo2\/friendship-tour\/jmo-friendship-tour-projet-4-banner-photo\/\" data-orig-file=\"https:\/\/jazzmusicorchestra.be\/jmo2\/wp-content\/uploads\/JMO-Friendship-Tour-projet-4-banner-photo-scaled.png\" data-orig-size=\"2560,953\" data-comments-opened=\"0\" data-image-meta=\"{&quot;aperture&quot;:&quot;0&quot;,&quot;credit&quot;:&quot;&quot;,&quot;camera&quot;:&quot;&quot;,&quot;caption&quot;:&quot;&quot;,&quot;created_timestamp&quot;:&quot;0&quot;,&quot;copyright&quot;:&quot;&quot;,&quot;focal_length&quot;:&quot;0&quot;,&quot;iso&quot;:&quot;0&quot;,&quot;shutter_speed&quot;:&quot;0&quot;,&quot;title&quot;:&quot;&quot;,&quot;orientation&quot;:&quot;0&quot;}\" data-image-title=\"JMO-Friendship Tour &amp;#8211; projet 4-banner-photo\" data-image-description=\"\" data-image-caption=\"\" data-medium-file=\"https:\/\/jazzmusicorchestra.be\/jmo2\/wp-content\/uploads\/JMO-Friendship-Tour-projet-4-banner-photo-300x112.png\" data-large-file=\"https:\/\/jazzmusicorchestra.be\/jmo2\/wp-content\/uploads\/JMO-Friendship-Tour-projet-4-banner-photo-1024x381.png\" src=\"https:\/\/jazzmusicorchestra.be\/jmo2\/wp-content\/uploads\/JMO-Friendship-Tour-projet-4-banner-photo-scaled.png\" alt=\"\" class=\"wp-image-448\" srcset=\"https:\/\/jazzmusicorchestra.be\/jmo2\/wp-content\/uploads\/JMO-Friendship-Tour-projet-4-banner-photo-scaled.png 2560w, https:\/\/jazzmusicorchestra.be\/jmo2\/wp-content\/uploads\/JMO-Friendship-Tour-projet-4-banner-photo-300x112.png 300w, https:\/\/jazzmusicorchestra.be\/jmo2\/wp-content\/uploads\/JMO-Friendship-Tour-projet-4-banner-photo-1024x381.png 1024w, https:\/\/jazzmusicorchestra.be\/jmo2\/wp-content\/uploads\/JMO-Friendship-Tour-projet-4-banner-photo-768x286.png 768w, https:\/\/jazzmusicorchestra.be\/jmo2\/wp-content\/uploads\/JMO-Friendship-Tour-projet-4-banner-photo-1536x572.png 1536w, https:\/\/jazzmusicorchestra.be\/jmo2\/wp-content\/uploads\/JMO-Friendship-Tour-projet-4-banner-photo-2048x763.png 2048w, https:\/\/jazzmusicorchestra.be\/jmo2\/wp-content\/uploads\/JMO-Friendship-Tour-projet-4-banner-photo-537x200.png 537w\" sizes=\"auto, (max-width: 2560px) 100vw, 2560px\" \/><\/figure>\n\n\n\n<blockquote class=\"wp-block-quote is-layout-flow wp-block-quote-is-layout-flow\">\n<p>En route vers <strong>2029<\/strong>, ses <strong>25 ans<\/strong> et les <strong>150 ans<\/strong> de la Fanfare Royale \u201cLes Amis R\u00e9unis\u201d de Pecq dont il est issu, le <strong>Jazz Music Orchestra<\/strong> part en tourn\u00e9e aux sources de ses origines et des liens tiss\u00e9s entre ses membres !<\/p>\n<\/blockquote>\n\n\n\n<p>En effet, c&#8217;est non seulement l\u00e0 que beaucoup ont appris la musique et l&#8217;\u00e9coute mutuelle, mais aussi grandi humainement et socialement. Encore aujourd&#8217;hui, c&#8217;est une source in\u00e9puisable d&#8217;enrichissement culturel.<\/p>\n\n\n\n<p>C&#8217;est la raison pour laquelle, afin de faire de chaque concert une f\u00eate sur mesure, le JMO propose d&#8217;adapter son programme \u00e0 l\u2019harmonie\/fanfare qui l\u2019accueille, en y int\u00e9grant un ou plusieurs morceaux interpr\u00e9t\u00e9s avec des &#8220;personnalit\u00e9s&#8221; parmi nos h\u00f4tes \u2014 pourquoi pas le ou la cheffe, par exemple \ud83d\ude09<\/p>\n\n\n\n<hr class=\"wp-block-separator has-alpha-channel-opacity\"\/>\n\n\n\n<h2 class=\"wp-block-heading\">Dates de la tourn\u00e9e en 2026 :<\/h2>\n\n\n\n<div class=\"wp-block-columns alignwide is-layout-flex wp-container-core-columns-is-layout-829b1d53 wp-block-columns-is-layout-flex\" style=\"margin-bottom:0\">\n<div class=\"wp-block-column has-text-color has-background has-link-color wp-elements-b3088a39958d4bd12ab8607cde52b41d is-layout-flow wp-block-column-is-layout-flow\" style=\"color:#000000;background-color:#deac2c;padding-top:2em;padding-right:2em;padding-bottom:2em;padding-left:2em\">\n<h3 class=\"wp-block-heading has-black-color has-text-color has-link-color wp-elements-59df3af94be13bbdcf58480651b14020\" id=\"single\" style=\"font-size:40px\"><strong>21 MAR.<\/strong><\/h3>\n\n\n\n<p style=\"font-size:25px;line-height:1.5\"><strong><mark style=\"background-color:rgba(0, 0, 0, 0)\" class=\"has-inline-color has-black-color\">Fanfare Royale Sainte C\u00e9cile de B\u00e9clers<\/mark><\/strong><\/p>\n\n\n\n<div class=\"wp-block-buttons is-layout-flex wp-block-buttons-is-layout-flex\">\n<div class=\"wp-block-button has-custom-width wp-block-button__width-100\"><a class=\"wp-block-button__link has-white-color has-text-color has-background no-border-radius wp-element-button\" href=\"https:\/\/www.facebook.com\/events\/926596549930211\" style=\"background-color:#000000\" target=\"_blank\" rel=\"noreferrer noopener\">&gt; Infos &amp; R\u00e9servations<\/a><\/div>\n<\/div>\n<\/div>\n\n\n\n<div class=\"wp-block-column has-text-color has-background has-link-color wp-elements-7cff98e54d268407de962e6cdb0f7a3b is-layout-flow wp-block-column-is-layout-flow\" style=\"color:#000000;background-color:#86ac5f;padding-top:2em;padding-right:2em;padding-bottom:2em;padding-left:2em\">\n<h3 class=\"wp-block-heading has-black-color has-text-color has-link-color wp-elements-dd02071d7031c244f7d3c2572e10ee0c\" id=\"family\" style=\"font-size:40px\"><strong>5 AVR.<\/strong><\/h3>\n\n\n\n<p style=\"font-size:25px;line-height:1.5\"><strong>Royale C\u00e9cilia d&#8217;Ere<\/strong><\/p>\n\n\n\n<p>&#8220;RCE Live Festival&#8221;<\/p>\n\n\n\n<div class=\"wp-block-buttons alignfull is-horizontal is-content-justification-center is-layout-flex wp-container-core-buttons-is-layout-499968f5 wp-block-buttons-is-layout-flex\">\n<div class=\"wp-block-button has-custom-width wp-block-button__width-100\"><a class=\"wp-block-button__link has-white-color has-text-color has-background no-border-radius wp-element-button\" href=\"https:\/\/www.facebook.com\/events\/1934184860775281\/\" style=\"background-color:#000000\">&gt; Infos &amp; R\u00e9servations<\/a><\/div>\n<\/div>\n<\/div>\n\n\n\n<div class=\"wp-block-column has-text-color has-background has-link-color wp-elements-5a59ab7b6507095b5f639c1f9ed12c14 is-layout-flow wp-block-column-is-layout-flow\" style=\"color:#000000;background-color:#cf7426;padding-top:2em;padding-right:2em;padding-bottom:2em;padding-left:2em\">\n<h3 class=\"wp-block-heading has-black-color has-text-color has-link-color wp-elements-425ddc6e44c1075f50844b81be4a9fce\" id=\"patron\" style=\"font-size:40px\"><strong>10 OCT.<\/strong><\/h3>\n\n\n\n<p style=\"font-size:25px\"><strong>Royale Sainte Cecile de Velaines<\/strong><\/p>\n\n\n\n<p class=\"has-text-align-center\"><em>Plus d&#8217;informations tr\u00e8s bient\u00f4t&#8230;<\/em><\/p>\n<\/div>\n<\/div>\n\n\n\n<hr class=\"wp-block-separator has-alpha-channel-opacity\"\/>\n\n\n\n<h2 class=\"wp-block-heading has-text-align-center\">Envie de nous accueillir en 2027 ou 2028 ?<\/h2>\n\n\n\n<p class=\"has-text-align-center has-large-font-size\">Contactez-nous d\u00e8s maintenant ! <strong><a href=\"mailto:info@jazzmusicorchestra.be\">info@jazzmusicorchestra.be<\/a><\/strong><\/p>\n\n\n<div class=\"wp-block-image\">\n<figure class=\"aligncenter size-full\"><img loading=\"lazy\" decoding=\"async\" width=\"1024\" height=\"1536\" data-attachment-id=\"422\" data-permalink=\"https:\/\/jazzmusicorchestra.be\/jmo2\/friendship-tour\/jmo-friendship-tour-2026_flyer\/\" data-orig-file=\"https:\/\/jazzmusicorchestra.be\/jmo2\/wp-content\/uploads\/JMO-Friendship-Tour-2026_flyer.png\" data-orig-size=\"1024,1536\" data-comments-opened=\"0\" data-image-meta=\"{&quot;aperture&quot;:&quot;0&quot;,&quot;credit&quot;:&quot;&quot;,&quot;camera&quot;:&quot;&quot;,&quot;caption&quot;:&quot;&quot;,&quot;created_timestamp&quot;:&quot;0&quot;,&quot;copyright&quot;:&quot;&quot;,&quot;focal_length&quot;:&quot;0&quot;,&quot;iso&quot;:&quot;0&quot;,&quot;shutter_speed&quot;:&quot;0&quot;,&quot;title&quot;:&quot;&quot;,&quot;orientation&quot;:&quot;0&quot;}\" data-image-title=\"JMO-Friendship-Tour-2026_flyer\" data-image-description=\"\" data-image-caption=\"\" data-medium-file=\"https:\/\/jazzmusicorchestra.be\/jmo2\/wp-content\/uploads\/JMO-Friendship-Tour-2026_flyer-200x300.png\" data-large-file=\"https:\/\/jazzmusicorchestra.be\/jmo2\/wp-content\/uploads\/JMO-Friendship-Tour-2026_flyer-683x1024.png\" src=\"https:\/\/jazzmusicorchestra.be\/jmo2\/wp-content\/uploads\/JMO-Friendship-Tour-2026_flyer.png\" alt=\"\" class=\"wp-image-422\" srcset=\"https:\/\/jazzmusicorchestra.be\/jmo2\/wp-content\/uploads\/JMO-Friendship-Tour-2026_flyer.png 1024w, https:\/\/jazzmusicorchestra.be\/jmo2\/wp-content\/uploads\/JMO-Friendship-Tour-2026_flyer-200x300.png 200w, https:\/\/jazzmusicorchestra.be\/jmo2\/wp-content\/uploads\/JMO-Friendship-Tour-2026_flyer-683x1024.png 683w\" sizes=\"auto, (max-width: 1024px) 100vw, 1024px\" \/><\/figure>\n<\/div>","protected":false},"excerpt":{"rendered":"<p>Nos harmonies, nos racines En route vers 2029, ses 25 ans et les 150 ans de la Fanfare Royale \u201cLes Amis R\u00e9unis\u201d de Pecq dont il est&hellip; <span class=\"read-more\"><a class=\"more-link\" href=\"https:\/\/jazzmusicorchestra.be\/jmo2\/friendship-tour\/\" rel=\"bookmark\">Read more <span class=\"screen-reader-text\">&#8220;Friendship Tour&#8221;<\/span><\/a><\/span><\/p>\n","protected":false},"author":1,"featured_media":282,"parent":0,"menu_order":0,"comment_status":"closed","ping_status":"closed","template":"","meta":{"footnotes":""},"class_list":["post-376","page","type-page","status-publish","has-post-thumbnail","hentry"],"jetpack_sharing_enabled":true,"_links":{"self":[{"href":"https:\/\/jazzmusicorchestra.be\/jmo2\/wp-json\/wp\/v2\/pages\/376","targetHints":{"allow":["GET"]}}],"collection":[{"href":"https:\/\/jazzmusicorchestra.be\/jmo2\/wp-json\/wp\/v2\/pages"}],"about":[{"href":"https:\/\/jazzmusicorchestra.be\/jmo2\/wp-json\/wp\/v2\/types\/page"}],"author":[{"embeddable":true,"href":"https:\/\/jazzmusicorchestra.be\/jmo2\/wp-json\/wp\/v2\/users\/1"}],"replies":[{"embeddable":true,"href":"https:\/\/jazzmusicorchestra.be\/jmo2\/wp-json\/wp\/v2\/comments?post=376"}],"version-history":[{"count":38,"href":"https:\/\/jazzmusicorchestra.be\/jmo2\/wp-json\/wp\/v2\/pages\/376\/revisions"}],"predecessor-version":[{"id":453,"href":"https:\/\/jazzmusicorchestra.be\/jmo2\/wp-json\/wp\/v2\/pages\/376\/revisions\/453"}],"wp:featuredmedia":[{"embeddable":true,"href":"https:\/\/jazzmusicorchestra.be\/jmo2\/wp-json\/wp\/v2\/media\/282"}],"wp:attachment":[{"href":"https:\/\/jazzmusicorchestra.be\/jmo2\/wp-json\/wp\/v2\/media?parent=376"}],"curies":[{"name":"wp","href":"https:\/\/api.w.org\/{rel}","templated":true}]}}